{"id":8,"date":"2023-04-11T19:07:16","date_gmt":"2023-04-11T17:07:16","guid":{"rendered":"http:\/\/brasinisas.com\/?page_id=8"},"modified":"2025-06-05T15:15:28","modified_gmt":"2025-06-05T13:15:28","slug":"homepage","status":"publish","type":"page","link":"https:\/\/brasinisas.com\/","title":{"rendered":"Azienda"},"content":{"rendered":"\t\t<div data-elementor-type=\"wp-page\" data-elementor-id=\"8\" class=\"elementor elementor-8\">\n\t\t\t\t\t\t\t\t\t<section class=\"elementor-section elementor-top-section elementor-element elementor-element-e4e4f0d elementor-section-boxed elementor-section-height-default elementor-section-height-default\" data-id=\"e4e4f0d\" data-element_type=\"section\">\n\t\t\t\t\t\t<div class=\"elementor-container elementor-column-gap-default\">\n\t\t\t\t\t<div class=\"aux-parallax-section elementor-column elementor-col-100 elementor-top-column elementor-element elementor-element-e999c07\" data-id=\"e999c07\" data-element_type=\"column\">\n\t\t\t<div class=\"elementor-widget-wrap elementor-element-populated\">\n\t\t\t\t\t\t\t\t<div class=\"elementor-element elementor-element-380a951 elementor-widget elementor-widget-image\" data-id=\"380a951\" data-element_type=\"widget\" data-widget_type=\"image.default\">\n\t\t\t\t<div class=\"elementor-widget-container\">\n\t\t\t<style>\/*! elementor - v3.12.1 - 02-04-2023 *\/\n.elementor-widget-image{text-align:center}.elementor-widget-image a{display:inline-block}.elementor-widget-image a img[src$=\".svg\"]{width:48px}.elementor-widget-image img{vertical-align:middle;display:inline-block}<\/style>\t\t\t\t\t\t\t\t\t\t\t\t<img loading=\"lazy\" decoding=\"async\" width=\"1150\" height=\"169\" src=\"https:\/\/brasinisas.com\/wp-content\/uploads\/2023\/04\/autotrasporti_camion_bilico_brasini.jpg\" class=\"attachment-full size-full wp-image-160\" alt=\"\" \/>\t\t\t\t\t\t\t\t\t\t\t\t\t\t\t<\/div>\n\t\t\t\t<\/div>\n\t\t\t\t\t<\/div>\n\t\t<\/div>\n\t\t\t\t\t\t\t<\/div>\n\t\t<\/section>\n\t\t\t\t<section class=\"elementor-section elementor-top-section elementor-element elementor-element-005a2e6 elementor-section-boxed elementor-section-height-default elementor-section-height-default\" data-id=\"005a2e6\" data-element_type=\"section\">\n\t\t\t\t\t\t<div class=\"elementor-container elementor-column-gap-default\">\n\t\t\t\t\t<div class=\"aux-parallax-section elementor-column elementor-col-100 elementor-top-column elementor-element elementor-element-af9a8a1\" data-id=\"af9a8a1\" data-element_type=\"column\">\n\t\t\t<div class=\"elementor-widget-wrap elementor-element-populated\">\n\t\t\t\t\t\t\t\t<div class=\"elementor-element elementor-element-e5a47b3 elementor-arrows-position-inside elementor-widget elementor-widget-image-carousel\" data-id=\"e5a47b3\" data-element_type=\"widget\" data-settings=\"{&quot;slides_to_show&quot;:&quot;1&quot;,&quot;navigation&quot;:&quot;arrows&quot;,&quot;effect&quot;:&quot;fade&quot;,&quot;speed&quot;:5000,&quot;_animation&quot;:&quot;none&quot;,&quot;autoplay&quot;:&quot;yes&quot;,&quot;pause_on_hover&quot;:&quot;yes&quot;,&quot;pause_on_interaction&quot;:&quot;yes&quot;,&quot;autoplay_speed&quot;:5000,&quot;infinite&quot;:&quot;yes&quot;}\" data-widget_type=\"image-carousel.default\">\n\t\t\t\t<div class=\"elementor-widget-container\">\n\t\t\t<style>\/*! elementor - v3.12.1 - 02-04-2023 *\/\n.elementor-widget-image-carousel .swiper,.elementor-widget-image-carousel .swiper-container{position:static}.elementor-widget-image-carousel .swiper-container .swiper-slide figure,.elementor-widget-image-carousel .swiper .swiper-slide figure{line-height:inherit}.elementor-widget-image-carousel .swiper-slide{text-align:center}.elementor-image-carousel-wrapper:not(.swiper-container-initialized) .swiper-slide,.elementor-image-carousel-wrapper:not(.swiper-initialized) .swiper-slide{max-width:calc(100% \/ var(--e-image-carousel-slides-to-show, 3))}<\/style>\t\t<div class=\"elementor-image-carousel-wrapper swiper\" dir=\"ltr\">\n\t\t\t<div class=\"elementor-image-carousel swiper-wrapper\">\n\t\t\t\t\t\t\t\t<div class=\"swiper-slide\"><figure class=\"swiper-slide-inner\"><img decoding=\"async\" class=\"swiper-slide-image\" src=\"https:\/\/brasinisas.com\/wp-content\/uploads\/2023\/04\/008.jpg\" alt=\"008\" \/><\/figure><\/div><div class=\"swiper-slide\"><figure class=\"swiper-slide-inner\"><img decoding=\"async\" class=\"swiper-slide-image\" src=\"https:\/\/brasinisas.com\/wp-content\/uploads\/2023\/04\/006.jpg\" alt=\"006\" \/><\/figure><\/div><div class=\"swiper-slide\"><figure class=\"swiper-slide-inner\"><img decoding=\"async\" class=\"swiper-slide-image\" src=\"https:\/\/brasinisas.com\/wp-content\/uploads\/2023\/04\/001.jpg\" alt=\"001\" \/><\/figure><\/div><div class=\"swiper-slide\"><figure class=\"swiper-slide-inner\"><img decoding=\"async\" class=\"swiper-slide-image\" src=\"https:\/\/brasinisas.com\/wp-content\/uploads\/2023\/04\/005.jpg\" alt=\"005\" \/><\/figure><\/div><div class=\"swiper-slide\"><figure class=\"swiper-slide-inner\"><img decoding=\"async\" class=\"swiper-slide-image\" src=\"https:\/\/brasinisas.com\/wp-content\/uploads\/2023\/04\/003.jpg\" alt=\"003\" \/><\/figure><\/div><div class=\"swiper-slide\"><figure class=\"swiper-slide-inner\"><img decoding=\"async\" class=\"swiper-slide-image\" src=\"https:\/\/brasinisas.com\/wp-content\/uploads\/2023\/04\/004.jpg\" alt=\"004\" \/><\/figure><\/div><div class=\"swiper-slide\"><figure class=\"swiper-slide-inner\"><img decoding=\"async\" class=\"swiper-slide-image\" src=\"https:\/\/brasinisas.com\/wp-content\/uploads\/2025\/05\/1748074711571-1-scaled.jpg\" alt=\"1748074711571\" \/><\/figure><\/div><div class=\"swiper-slide\"><figure class=\"swiper-slide-inner\"><img decoding=\"async\" class=\"swiper-slide-image\" src=\"https:\/\/brasinisas.com\/wp-content\/uploads\/2025\/05\/1729781225759-1-scaled.jpg\" alt=\"1729781225759\" \/><\/figure><\/div>\t\t\t<\/div>\n\t\t\t\t\t\t\t\t\t\t\t\t\t\t\t\t<div class=\"elementor-swiper-button elementor-swiper-button-prev\">\n\t\t\t\t\t\t<i aria-hidden=\"true\" class=\"eicon-chevron-left\"><\/i>\t\t\t\t\t\t<span class=\"elementor-screen-only\">Precedente<\/span>\n\t\t\t\t\t<\/div>\n\t\t\t\t\t<div class=\"elementor-swiper-button elementor-swiper-button-next\">\n\t\t\t\t\t\t<i aria-hidden=\"true\" class=\"eicon-chevron-right\"><\/i>\t\t\t\t\t\t<span class=\"elementor-screen-only\">Successivo<\/span>\n\t\t\t\t\t<\/div>\n\t\t\t\t\t\t\t\t\t<\/div>\n\t\t\t\t<\/div>\n\t\t\t\t<\/div>\n\t\t\t\t\t<\/div>\n\t\t<\/div>\n\t\t\t\t\t\t\t<\/div>\n\t\t<\/section>\n\t\t\t\t<section class=\"elementor-section elementor-top-section elementor-element elementor-element-829b877 elementor-section-boxed elementor-section-height-default elementor-section-height-default\" data-id=\"829b877\" data-element_type=\"section\">\n\t\t\t\t\t\t<div class=\"elementor-container elementor-column-gap-default\">\n\t\t\t\t\t<div class=\"aux-parallax-section elementor-column elementor-col-100 elementor-top-column elementor-element elementor-element-25d3be4\" data-id=\"25d3be4\" data-element_type=\"column\">\n\t\t\t<div class=\"elementor-widget-wrap elementor-element-populated\">\n\t\t\t\t\t\t\t\t<section class=\"elementor-section elementor-inner-section elementor-element elementor-element-f6161a5 elementor-section-boxed elementor-section-height-default elementor-section-height-default\" data-id=\"f6161a5\" data-element_type=\"section\">\n\t\t\t\t\t\t<div class=\"elementor-container elementor-column-gap-default\">\n\t\t\t\t\t<div class=\"aux-parallax-section elementor-column elementor-col-50 elementor-inner-column elementor-element elementor-element-259df41\" data-id=\"259df41\" data-element_type=\"column\">\n\t\t\t<div class=\"elementor-widget-wrap elementor-element-populated\">\n\t\t\t\t\t\t\t\t<div class=\"elementor-element elementor-element-b3f53f7 elementor-widget elementor-widget-text-editor\" data-id=\"b3f53f7\" data-element_type=\"widget\" data-widget_type=\"text-editor.default\">\n\t\t\t\t<div class=\"elementor-widget-container\">\n\t\t\t<style>\/*! elementor - v3.12.1 - 02-04-2023 *\/\n.elementor-widget-text-editor.elementor-drop-cap-view-stacked .elementor-drop-cap{background-color:#69727d;color:#fff}.elementor-widget-text-editor.elementor-drop-cap-view-framed .elementor-drop-cap{color:#69727d;border:3px solid;background-color:transparent}.elementor-widget-text-editor:not(.elementor-drop-cap-view-default) .elementor-drop-cap{margin-top:8px}.elementor-widget-text-editor:not(.elementor-drop-cap-view-default) .elementor-drop-cap-letter{width:1em;height:1em}.elementor-widget-text-editor .elementor-drop-cap{float:left;text-align:center;line-height:1;font-size:50px}.elementor-widget-text-editor .elementor-drop-cap-letter{display:inline-block}<\/style>\t\t\t\t<p style=\"text-align: center;\"><em><span style=\"font-size: 18pt; color: #808080;\"><strong>I nostri servizi<\/strong><\/span><\/em><\/p><h5>\u00a0<\/h5><h5 style=\"text-align: center;\"><span style=\"color: #3366ff; font-size: 12pt;\"><strong>Autotrasporti su strada<\/strong><\/span><\/h5><h5 style=\"text-align: center;\"><span style=\"color: #3366ff; font-size: 12pt;\"><strong>Logistica<\/strong><\/span><\/h5><h5 style=\"text-align: center;\"><span style=\"color: #3366ff; font-size: 12pt;\"><strong>Trasporto mobili<\/strong><\/span><\/h5><h5 style=\"text-align: center;\"><span style=\"color: #3366ff; font-size: 12pt;\"><strong>Trasporti per l&#8217;edilizia<\/strong><\/span><\/h5><h5 style=\"text-align: center;\"><span style=\"color: #3366ff; font-size: 12pt;\"><strong>Trasporto polisterolo, carta<\/strong><\/span><\/h5><h5 style=\"text-align: center;\"><span style=\"color: #3366ff; font-size: 12pt;\"><strong>Carico \/ Scarico \/ Deposito<\/strong><\/span><\/h5><h5 style=\"text-align: center;\"><span style=\"color: #3366ff; font-size: 12pt;\"><strong>Rimozione attrezzature<\/strong><\/span><\/h5><h5 style=\"text-align: center;\"><span style=\"color: #3366ff; font-size: 12pt;\"><strong>Automezzi con gru su richiesta<\/strong><\/span><\/h5><h5 style=\"text-align: center;\"><span style=\"color: #3366ff; font-size: 12pt;\"><strong>Motrici centinate<\/strong><\/span><\/h5><h5 style=\"text-align: center;\"><span style=\"color: #3366ff; font-size: 12pt;\"><strong>Bilici centinati con copri \/ scopri<\/strong><\/span><\/h5><h5 style=\"text-align: center;\"><span style=\"color: #3366ff; font-size: 12pt;\"><strong>Trasporti nazionali<\/strong><\/span><\/h5>\t\t\t\t\t\t<\/div>\n\t\t\t\t<\/div>\n\t\t\t\t\t<\/div>\n\t\t<\/div>\n\t\t\t\t<div class=\"aux-parallax-section elementor-column elementor-col-50 elementor-inner-column elementor-element elementor-element-5fb64a9\" data-id=\"5fb64a9\" data-element_type=\"column\">\n\t\t\t<div class=\"elementor-widget-wrap elementor-element-populated\">\n\t\t\t\t\t\t\t\t<div class=\"elementor-element elementor-element-563e512 elementor-widget elementor-widget-text-editor\" data-id=\"563e512\" data-element_type=\"widget\" data-widget_type=\"text-editor.default\">\n\t\t\t\t<div class=\"elementor-widget-container\">\n\t\t\t\t\t\t\t<div style=\"text-align: center;\" data-line-height=\"2\"><span style=\"font-size: 12pt;\"><span style=\"font-size: 18pt; color: #808080;\"><em><strong>Benvenuti sul nostro sito!<\/strong><\/em><\/span><br \/><\/span><\/div><div data-line-height=\"2\">\u00a0<\/div><div style=\"text-align: justify;\" data-line-height=\"2\"><span style=\"font-size: 12pt;\">La nostra azienda Brasini Giuseppe &amp; C. s.a.s ha \u00a0sede in Foiano della Chiana in provincia di Arezzo (Toscana) e opera nel \u00a0settore trasporto da oltre 38 anni.<\/span><\/div><div style=\"text-align: justify;\" data-line-height=\"2\"><span style=\"font-size: 12pt;\">\u00a0<\/span><\/div><div style=\"text-align: justify;\" data-line-height=\"2\"><span style=\"font-size: 12pt;\">Il nostro parco macchine \u00e8 notevolmente ampio e siamo dotati di qualsiasi tipo di mezzo.<\/span><\/div><div style=\"text-align: justify;\" data-line-height=\"2\"><span style=\"font-size: 12pt;\">\u00a0<\/span><\/div><div data-line-height=\"2\"><span style=\"font-size: 12pt;\">Negli anni ci siamo specializzati in ogni genere di \u00a0trasporto rispondendo ad ogni esigenza del cliente, distinguendoci per \u00a0la puntualit\u00e0, la disponibilit\u00e0 e soprattutto per la nostra seriet\u00e0.<\/span><\/div><div data-line-height=\"2\">\u00a0<\/div><div data-line-height=\"2\">\u00a0<\/div>\t\t\t\t\t\t<\/div>\n\t\t\t\t<\/div>\n\t\t\t\t\t<\/div>\n\t\t<\/div>\n\t\t\t\t\t\t\t<\/div>\n\t\t<\/section>\n\t\t\t\t\t<\/div>\n\t\t<\/div>\n\t\t\t\t\t\t\t<\/div>\n\t\t<\/section>\n\t\t\t\t<section class=\"elementor-section elementor-top-section elementor-element elementor-element-7fffb92 elementor-section-boxed elementor-section-height-default elementor-section-height-default\" data-id=\"7fffb92\" data-element_type=\"section\">\n\t\t\t\t\t\t<div class=\"elementor-container elementor-column-gap-default\">\n\t\t\t\t\t<div class=\"aux-parallax-section elementor-column elementor-col-100 elementor-top-column elementor-element elementor-element-3a2d5c6\" data-id=\"3a2d5c6\" data-element_type=\"column\">\n\t\t\t<div class=\"elementor-widget-wrap elementor-element-populated\">\n\t\t\t\t\t\t\t\t<div class=\"elementor-element elementor-element-3eda303 elementor-widget elementor-widget-image\" data-id=\"3eda303\" data-element_type=\"widget\" data-widget_type=\"image.default\">\n\t\t\t\t<div class=\"elementor-widget-container\">\n\t\t\t\t\t\t\t\t\t\t\t\t\t\t\t<img loading=\"lazy\" decoding=\"async\" width=\"400\" height=\"333\" src=\"https:\/\/brasinisas.com\/wp-content\/uploads\/2023\/04\/CAMION-BRASINI-01.png\" class=\"attachment-full size-full wp-image-297\" alt=\"\" \/>\t\t\t\t\t\t\t\t\t\t\t\t\t\t\t<\/div>\n\t\t\t\t<\/div>\n\t\t\t\t\t<\/div>\n\t\t<\/div>\n\t\t\t\t\t\t\t<\/div>\n\t\t<\/section>\n\t\t\t\t\t\t\t<\/div>\n\t\t","protected":false},"excerpt":{"rendered":"<p>Precedente Successivo I nostri servizi \u00a0 Autotrasporti su strada Logistica Trasporto mobili Trasporti per l&#8217;edilizia Trasporto polisterolo, carta Carico \/ Scarico \/ Deposito Rimozione attrezzature Automezzi con gru su richiesta Motrici centinate Bilici centinati con copri \/ scopri Trasporti nazionali Benvenuti sul nostro sito!\u00a0La nostra azienda Brasini Giuseppe &amp; C. s.a.s ha \u00a0sede in Foiano [&hellip;]<\/p>\n","protected":false},"author":1,"featured_media":0,"parent":0,"menu_order":0,"comment_status":"closed","ping_status":"closed","template":"","meta":{"footnotes":""},"class_list":["post-8","page","type-page","status-publish","hentry"],"_links":{"self":[{"href":"https:\/\/brasinisas.com\/index.php?rest_route=\/wp\/v2\/pages\/8","targetHints":{"allow":["GET"]}}],"collection":[{"href":"https:\/\/brasinisas.com\/index.php?rest_route=\/wp\/v2\/pages"}],"about":[{"href":"https:\/\/brasinisas.com\/index.php?rest_route=\/wp\/v2\/types\/page"}],"author":[{"embeddable":true,"href":"https:\/\/brasinisas.com\/index.php?rest_route=\/wp\/v2\/users\/1"}],"replies":[{"embeddable":true,"href":"https:\/\/brasinisas.com\/index.php?rest_route=%2Fwp%2Fv2%2Fcomments&post=8"}],"version-history":[{"count":110,"href":"https:\/\/brasinisas.com\/index.php?rest_route=\/wp\/v2\/pages\/8\/revisions"}],"predecessor-version":[{"id":356,"href":"https:\/\/brasinisas.com\/index.php?rest_route=\/wp\/v2\/pages\/8\/revisions\/356"}],"wp:attachment":[{"href":"https:\/\/brasinisas.com\/index.php?rest_route=%2Fwp%2Fv2%2Fmedia&parent=8"}],"curies":[{"name":"wp","href":"https:\/\/api.w.org\/{rel}","templated":true}]}}